{"id":2309,"date":"2025-05-12T17:20:38","date_gmt":"2025-05-12T15:20:38","guid":{"rendered":"https:\/\/espaciovive.com\/?page_id=2309"},"modified":"2025-09-30T13:42:53","modified_gmt":"2025-09-30T11:42:53","slug":"politica-de-privacidad-y-cookies","status":"publish","type":"page","link":"https:\/\/espaciovive.com\/index.php\/politica-de-privacidad-y-cookies\/","title":{"rendered":"POLITICA DE PRIVACIDAD Y COOKIES"},"content":{"rendered":"\t\t<div data-elementor-type=\"wp-page\" data-elementor-id=\"2309\" class=\"elementor elementor-2309\" data-elementor-post-type=\"page\">\n\t\t\t\t<div class=\"elementor-element elementor-element-2a4a441 e-flex e-con-boxed e-con e-parent\" data-id=\"2a4a441\" data-element_type=\"container\">\n\t\t\t\t\t<div class=\"e-con-inner\">\n\t\t\t\t<div class=\"elementor-element elementor-element-413cb1c elementor-widget elementor-widget-text-editor\" data-id=\"413cb1c\" data-element_type=\"widget\" data-widget_type=\"text-editor.default\">\n\t\t\t\t<div class=\"elementor-widget-container\">\n\t\t\t\t\t\t\t\t\t<h4><strong>Pol\u00edtica de privacidad y cookies<\/strong><\/h4>\t\t\t\t\t\t\t\t<\/div>\n\t\t\t\t<\/div>\n\t\t\t\t\t<\/div>\n\t\t\t\t<\/div>\n\t\t<div class=\"elementor-element elementor-element-0ac1347 e-flex e-con-boxed e-con e-parent\" data-id=\"0ac1347\" data-element_type=\"container\">\n\t\t\t\t\t<div class=\"e-con-inner\">\n\t\t\t\t<div class=\"elementor-element elementor-element-feb6a50 elementor-widget elementor-widget-text-editor\" data-id=\"feb6a50\" data-element_type=\"widget\" data-widget_type=\"text-editor.default\">\n\t\t\t\t<div class=\"elementor-widget-container\">\n\t\t\t\t\t\t\t\t\t<h3 data-start=\"174\" data-end=\"210\">1. Responsable del Tratamiento<\/h3><p data-start=\"211\" data-end=\"352\"><strong data-start=\"211\" data-end=\"223\">Titular:<\/strong> EspacioVive<br data-start=\"235\" data-end=\"238\" \/><strong data-start=\"238\" data-end=\"261\">Correo electr\u00f3nico:<\/strong> dl_legal<a class=\"decorated-link cursor-pointer\" rel=\"noopener\" data-start=\"262\" data-end=\"282\">@espaciovive.com<\/a><br data-start=\"282\" data-end=\"285\" \/><strong data-start=\"285\" data-end=\"299\">Sitio web:<\/strong> <a class=\"decorated-link\" href=\"https:\/\/espaciovive.com\" target=\"_new\" rel=\"noopener\" data-start=\"300\" data-end=\"350\">https:\/\/espaciovive.com<\/a><\/p><h3 data-start=\"354\" data-end=\"407\">2. Principios Aplicados al Tratamiento de Datos<\/h3><p data-start=\"408\" data-end=\"652\">EspacioVive tratar\u00e1 los datos personales de acuerdo con el <strong data-start=\"467\" data-end=\"502\">Reglamento (UE) 2016\/679 (RGPD)<\/strong> y la <strong data-start=\"508\" data-end=\"612\">Ley Org\u00e1nica 3\/2018 de Protecci\u00f3n de Datos Personales y garant\u00eda de los derechos digitales (LOPDGDD)<\/strong>, aplicando los siguientes principios:<\/p><ul data-start=\"654\" data-end=\"882\"><li data-start=\"654\" data-end=\"695\"><p data-start=\"656\" data-end=\"695\"><strong data-start=\"656\" data-end=\"693\">Licitud, lealtad y transparencia.<\/strong><\/p><\/li><li data-start=\"696\" data-end=\"731\"><p data-start=\"698\" data-end=\"731\"><strong data-start=\"698\" data-end=\"729\">Limitaci\u00f3n de la finalidad.<\/strong><\/p><\/li><li data-start=\"732\" data-end=\"762\"><p data-start=\"734\" data-end=\"762\"><strong data-start=\"734\" data-end=\"760\">Minimizaci\u00f3n de datos.<\/strong><\/p><\/li><li data-start=\"763\" data-end=\"797\"><p data-start=\"765\" data-end=\"797\"><strong data-start=\"765\" data-end=\"795\">Exactitud y actualizaci\u00f3n.<\/strong><\/p><\/li><li data-start=\"798\" data-end=\"843\"><p data-start=\"800\" data-end=\"843\"><strong data-start=\"800\" data-end=\"841\">Limitaci\u00f3n del plazo de conservaci\u00f3n.<\/strong><\/p><\/li><li data-start=\"844\" data-end=\"882\"><p data-start=\"846\" data-end=\"882\"><strong data-start=\"846\" data-end=\"880\">Integridad y confidencialidad.<\/strong><\/p><\/li><\/ul><h3 data-start=\"884\" data-end=\"914\">3. Datos que Recopilamos<\/h3><p data-start=\"915\" data-end=\"1018\">Podemos recopilar y tratar datos personales facilitados voluntariamente por los usuarios a trav\u00e9s de:<\/p><ul data-start=\"1020\" data-end=\"1262\"><li data-start=\"1020\" data-end=\"1048\"><p data-start=\"1022\" data-end=\"1048\">Formularios de contacto.<\/p><\/li><li data-start=\"1049\" data-end=\"1093\"><p data-start=\"1051\" data-end=\"1093\">Solicitudes de servicios o presupuestos.<\/p><\/li><li data-start=\"1094\" data-end=\"1147\"><p data-start=\"1096\" data-end=\"1147\">Comunicaciones por correo electr\u00f3nico o tel\u00e9fono.<\/p><\/li><li data-start=\"1148\" data-end=\"1193\"><p data-start=\"1150\" data-end=\"1193\">Interacciones a trav\u00e9s de redes sociales.<\/p><\/li><li data-start=\"1194\" data-end=\"1262\"><p data-start=\"1196\" data-end=\"1262\">Informaci\u00f3n t\u00e9cnica y de navegaci\u00f3n recopilada mediante cookies.<\/p><\/li><\/ul><h3 data-start=\"1264\" data-end=\"1298\">4. Finalidad del Tratamiento<\/h3><p data-start=\"1299\" data-end=\"1354\">Los datos se tratar\u00e1n con las siguientes finalidades:<\/p><ul data-start=\"1356\" data-end=\"1615\"><li data-start=\"1356\" data-end=\"1419\"><p data-start=\"1358\" data-end=\"1419\">Gestionar solicitudes, consultas y prestaci\u00f3n de servicios.<\/p><\/li><li data-start=\"1420\" data-end=\"1516\"><p data-start=\"1422\" data-end=\"1516\">Enviar comunicaciones informativas y\/o comerciales (siempre con consentimiento del usuario).<\/p><\/li><li data-start=\"1517\" data-end=\"1577\"><p data-start=\"1519\" data-end=\"1577\">Mejorar la navegaci\u00f3n y la experiencia de uso en la web.<\/p><\/li><li data-start=\"1578\" data-end=\"1615\"><p data-start=\"1580\" data-end=\"1615\">Cumplir con obligaciones legales.<\/p><\/li><\/ul><h3 data-start=\"1617\" data-end=\"1638\">5. Legitimaci\u00f3n<\/h3><p data-start=\"1639\" data-end=\"1692\">Las bases legales para el tratamiento de datos son:<\/p><ul data-start=\"1694\" data-end=\"1895\"><li data-start=\"1694\" data-end=\"1737\"><p data-start=\"1696\" data-end=\"1737\"><strong data-start=\"1696\" data-end=\"1714\">Consentimiento<\/strong> expreso del usuario.<\/p><\/li><li data-start=\"1738\" data-end=\"1809\"><p data-start=\"1740\" data-end=\"1809\"><strong data-start=\"1740\" data-end=\"1794\">Ejecuci\u00f3n de un contrato o prestaci\u00f3n de servicios<\/strong> solicitados.<\/p><\/li><li data-start=\"1810\" data-end=\"1895\"><p data-start=\"1812\" data-end=\"1895\"><strong data-start=\"1812\" data-end=\"1852\">Cumplimiento de obligaciones legales<\/strong> aplicables en Espa\u00f1a y la Uni\u00f3n Europea.<\/p><\/li><\/ul><h3 data-start=\"1897\" data-end=\"1931\">6. Conservaci\u00f3n de los Datos<\/h3><p data-start=\"1932\" data-end=\"2084\">Los datos se conservar\u00e1n \u00fanicamente durante el tiempo necesario para cumplir las finalidades descritas y mientras el usuario no solicite su supresi\u00f3n.<\/p><h3 data-start=\"2086\" data-end=\"2119\">7. Derechos de los Usuarios<\/h3><p data-start=\"2120\" data-end=\"2373\">Los usuarios podr\u00e1n ejercer en cualquier momento sus derechos de <strong data-start=\"2185\" data-end=\"2275\">acceso, rectificaci\u00f3n, supresi\u00f3n, oposici\u00f3n, limitaci\u00f3n del tratamiento y portabilidad<\/strong>, enviando una solicitud a dl_legal<a class=\"decorated-link cursor-pointer\" rel=\"noopener\" data-start=\"2304\" data-end=\"2324\">@espaciovive.com<\/a>, junto con un documento de identidad v\u00e1lido.<\/p><p data-start=\"2375\" data-end=\"2525\">Tambi\u00e9n podr\u00e1n presentar una reclamaci\u00f3n ante la <strong data-start=\"2424\" data-end=\"2474\">Agencia Espa\u00f1ola de Protecci\u00f3n de Datos (AEPD)<\/strong> si consideran que se han vulnerado sus derechos.<\/p><h3 data-start=\"2527\" data-end=\"2558\">8. Seguridad de los Datos<\/h3><p data-start=\"2559\" data-end=\"2728\">EspacioVive aplica medidas t\u00e9cnicas y organizativas para garantizar la seguridad, confidencialidad e integridad de los datos personales, conforme al RGPD y la LOPDGDD.<\/p><h3 data-start=\"2730\" data-end=\"2758\">9. Pol\u00edtica de Cookies<\/h3><p data-start=\"2759\" data-end=\"2901\">Este sitio web utiliza cookies propias y de terceros para mejorar la experiencia del usuario, analizar el tr\u00e1fico y personalizar contenidos.<\/p><p data-start=\"2903\" data-end=\"2937\"><strong data-start=\"2903\" data-end=\"2935\">Tipos de cookies utilizadas:<\/strong><\/p><ul data-start=\"2938\" data-end=\"3154\"><li data-start=\"2938\" data-end=\"3002\"><p data-start=\"2940\" data-end=\"3002\"><strong data-start=\"2940\" data-end=\"2955\">Esenciales:<\/strong> necesarias para el funcionamiento del sitio.<\/p><\/li><li data-start=\"3003\" data-end=\"3062\"><p data-start=\"3005\" data-end=\"3062\"><strong data-start=\"3005\" data-end=\"3020\">Anal\u00edticas:<\/strong> estad\u00edsticas sobre el uso y navegaci\u00f3n.<\/p><\/li><li data-start=\"3063\" data-end=\"3154\"><p data-start=\"3065\" data-end=\"3154\"><strong data-start=\"3065\" data-end=\"3083\">Publicitarias:<\/strong> muestran anuncios personalizados seg\u00fan las preferencias del usuario.<\/p><\/li><\/ul><p data-start=\"3156\" data-end=\"3299\">El usuario podr\u00e1 aceptar, rechazar o configurar las cookies en el banner de consentimiento inicial o mediante la configuraci\u00f3n del navegador.<\/p><h3 data-start=\"3301\" data-end=\"3350\">10. Jurisdicci\u00f3n y Resoluci\u00f3n de Conflictos<\/h3><p data-start=\"3351\" data-end=\"3548\">En caso de controversia, las partes acuerdan someterse a la <strong data-start=\"3411\" data-end=\"3435\">legislaci\u00f3n espa\u00f1ola<\/strong> y a la jurisdicci\u00f3n de los <strong data-start=\"3463\" data-end=\"3507\">juzgados y tribunales de Madrid (Espa\u00f1a)<\/strong>, salvo disposici\u00f3n legal en contrario.<\/p>\t\t\t\t\t\t\t\t<\/div>\n\t\t\t\t<\/div>\n\t\t\t\t\t<\/div>\n\t\t\t\t<\/div>\n\t\t\t\t<\/div>\n\t\t","protected":false},"excerpt":{"rendered":"<p>Pol\u00edtica de privacidad y cookies 1. Responsable del Tratamiento Titular: EspacioViveCorreo electr\u00f3nico: dl_legal@espaciovive.comSitio web: https:\/\/espaciovive.com 2. Principios Aplicados al Tratamiento de Datos EspacioVive tratar\u00e1 los datos personales de acuerdo con el Reglamento (UE) 2016\/679 (RGPD) y la Ley Org\u00e1nica 3\/2018 de Protecci\u00f3n de Datos Personales y garant\u00eda de los derechos digitales (LOPDGDD), aplicando los siguientes [&hellip;]<\/p>\n","protected":false},"author":2,"featured_media":0,"parent":0,"menu_order":0,"comment_status":"closed","ping_status":"closed","template":"","meta":{"_joinchat":[],"footnotes":""},"class_list":["post-2309","page","type-page","status-publish","hentry"],"_links":{"self":[{"href":"https:\/\/espaciovive.com\/index.php\/wp-json\/wp\/v2\/pages\/2309","targetHints":{"allow":["GET"]}}],"collection":[{"href":"https:\/\/espaciovive.com\/index.php\/wp-json\/wp\/v2\/pages"}],"about":[{"href":"https:\/\/espaciovive.com\/index.php\/wp-json\/wp\/v2\/types\/page"}],"author":[{"embeddable":true,"href":"https:\/\/espaciovive.com\/index.php\/wp-json\/wp\/v2\/users\/2"}],"replies":[{"embeddable":true,"href":"https:\/\/espaciovive.com\/index.php\/wp-json\/wp\/v2\/comments?post=2309"}],"version-history":[{"count":25,"href":"https:\/\/espaciovive.com\/index.php\/wp-json\/wp\/v2\/pages\/2309\/revisions"}],"predecessor-version":[{"id":2592,"href":"https:\/\/espaciovive.com\/index.php\/wp-json\/wp\/v2\/pages\/2309\/revisions\/2592"}],"wp:attachment":[{"href":"https:\/\/espaciovive.com\/index.php\/wp-json\/wp\/v2\/media?parent=2309"}],"curies":[{"name":"wp","href":"https:\/\/api.w.org\/{rel}","templated":true}]}}